{"id":1490,"date":"2025-04-06T14:37:09","date_gmt":"2025-04-06T14:37:09","guid":{"rendered":"https:\/\/protemp.de\/about\/"},"modified":"2025-04-25T15:10:22","modified_gmt":"2025-04-25T15:10:22","slug":"about","status":"publish","type":"page","link":"https:\/\/protemp.de\/en\/about\/","title":{"rendered":"About"},"content":{"rendered":"<div class=\"wp-block-uagb-container uagb-block-78fbda14 alignfull uagb-is-root-container\"><div class=\"uagb-container-inner-blocks-wrap\">\n<div class=\"wp-block-uagb-info-box uagb-block-38b626f9 uagb-infobox__content-wrap  uagb-infobox-icon-above-title uagb-infobox-image-valign-top\"><div class=\"uagb-ifb-content\"><div class=\"uagb-ifb-title-wrap\"><h1 class=\"uagb-ifb-title-prefix\">About Us<\/h1><\/div><\/div><\/div>\n<\/div><\/div>\n\n\n\n<div class=\"wp-block-uagb-container uagb-block-8jsydtx8 alignfull uagb-is-root-container\"><div class=\"uagb-container-inner-blocks-wrap\">\n<div class=\"wp-block-uagb-info-box uagb-block-go0oylc9 uagb-infobox__content-wrap  uagb-infobox-icon-above-title uagb-infobox-image-valign-top\"><div class=\"uagb-ifb-content\"><div class=\"uagb-ifb-title-wrap\"><h2 class=\"uagb-ifb-title\">Protemp - Engineered temperature since 1996<\/h2><\/div><p class=\"uagb-ifb-desc\">Protemp is more than just a temperature sensor manufacturer - we are an engineering company with our own workshop that is specializes in tailor-made temperature devices. Instead of standard off-the-shelf solutions, we offer individually designed sensors, that are perfectly tailored to your specific requirements.<\/p><\/div><\/div>\n<\/div><\/div>\n\n\n\n<div class=\"wp-block-uagb-container uagb-block-8y8qqdu7 alignfull uagb-is-root-container\"><div class=\"uagb-container-inner-blocks-wrap\">\n<div class=\"wp-block-uagb-image alignleft uagb-block-ljekyiix wp-block-uagb-image--layout-default wp-block-uagb-image--effect-static wp-block-uagb-image--align-left\"><figure class=\"wp-block-uagb-image__figure\"><img decoding=\"async\" srcset=\"https:\/\/protemp.de\/wp-content\/uploads\/2025\/04\/protemp-about-us-unsere-geschichte-1-1024x682.jpeg ,https:\/\/protemp.de\/wp-content\/uploads\/2025\/04\/protemp-about-us-unsere-geschichte-1.jpeg 780w, https:\/\/protemp.de\/wp-content\/uploads\/2025\/04\/protemp-about-us-unsere-geschichte-1.jpeg 360w\" sizes=\"auto, (max-width: 480px) 150px\" src=\"https:\/\/protemp.de\/wp-content\/uploads\/2025\/04\/protemp-about-us-unsere-geschichte-1-1024x682.jpeg\" alt=\"Drei M\u00e4nner beraten sich in der Werkstatt und schauen Konstruktionspl\u00e4ne an; Gr\u00fcnder und Team von Protemp\" class=\"uag-image-3416\" width=\"564\" height=\"350\" title=\"protemp-about-us-unsere-geschichte-1\" loading=\"lazy\" role=\"img\"\/><\/figure><\/div>\n\n\n\n<div class=\"wp-block-uagb-info-box uagb-block-e9c1vtm2 uagb-infobox__content-wrap  uagb-infobox-icon-above-title uagb-infobox-image-valign-top\"><div class=\"uagb-ifb-content\"><div class=\"uagb-ifb-title-wrap\"><h2 class=\"uagb-ifb-title\">Our story - from the idea to the solution<\/h2><\/div><p class=\"uagb-ifb-desc\">When Matthias L\u00f6llmann and Michael B\u00f6hme founded Protemp in 1996, one thing was clear to them: standard sensors are often not enough to meet the individual requirements of industry. They heard the following phrase in discussions with their customers over and over again:&nbsp;<br><br><em>\"I need it exactly like this - only different.\"<\/em><br><br><\/p><\/div><\/div>\n<\/div><\/div>\n\n\n\n<div class=\"wp-block-uagb-container uagb-block-ylez241e alignfull uagb-is-root-container\"><div class=\"uagb-container-inner-blocks-wrap\">\n<div class=\"wp-block-uagb-info-box uagb-block-or6okguj uagb-infobox__content-wrap  uagb-infobox-icon-above-title uagb-infobox-image-valign-top\"><div class=\"uagb-ifb-content\"><div class=\"uagb-ifb-title-wrap\"><\/div><p class=\"uagb-ifb-desc\">Their answer? A company that not only sells, a company that customizes, develops and produces. Instead of relying on mass-produced devices, they opted for customized solutions: <strong>Each temperature sensor is precisely matched to the customer's application.<\/strong><br><br>We still follow this approach today: from the initial technical consultation to production in our own workshop. As an experienced temperature sensor manufacturer, we supply customized temperature devices. <strong>Tailor-made solutions<\/strong> - precise, reliable and tailored exactly to your needs.<\/p><\/div><\/div>\n\n\n\n<div class=\"wp-block-uagb-image alignleft uagb-block-ja94sgch wp-block-uagb-image--layout-default wp-block-uagb-image--effect-static wp-block-uagb-image--align-left\"><figure class=\"wp-block-uagb-image__figure\"><img decoding=\"async\" srcset=\"https:\/\/protemp.de\/wp-content\/uploads\/2025\/04\/protemp-about-us-unsere-geschichte-2-1024x682.jpeg ,https:\/\/protemp.de\/wp-content\/uploads\/2025\/04\/protemp-about-us-unsere-geschichte-2.jpeg 780w, https:\/\/protemp.de\/wp-content\/uploads\/2025\/04\/protemp-about-us-unsere-geschichte-2.jpeg 360w\" sizes=\"auto, (max-width: 480px) 150px\" src=\"https:\/\/protemp.de\/wp-content\/uploads\/2025\/04\/protemp-about-us-unsere-geschichte-2-1024x682.jpeg\" alt=\"Konstruktionspl\u00e4ne f\u00fcr Temperaturmessungen auf einem Computer, vor dem ein Mann sitzt und die Pl\u00e4ne betrachtet\" class=\"uag-image-3417\" width=\"564\" height=\"350\" title=\"protemp-about-us-unsere-geschichte-2\" loading=\"lazy\" role=\"img\"\/><\/figure><\/div>\n<\/div><\/div>\n\n\n\n<div class=\"wp-block-uagb-container uagb-block-vpxo5x42 alignfull uagb-is-root-container\"><div class=\"uagb-container-inner-blocks-wrap\">\n<div class=\"wp-block-uagb-info-box uagb-block-pbhiu73r uagb-infobox__content-wrap  uagb-infobox-icon-above-title uagb-infobox-image-valign-top wp-block-uagb-info-box--has-margin\"><div class=\"uagb-infobox-margin-wrapper\"><div class=\"uagb-ifb-content\"><div class=\"uagb-ifb-title-wrap\"><p class=\"uagb-ifb-title-prefix\">Our values<\/p><h2 class=\"uagb-ifb-title\">What we stand for at Protemp<\/h2><\/div><\/div><\/div><\/div>\n\n\n\n<div class=\"wp-block-uagb-container uagb-block-8mbdchf3\">\n<div class=\"wp-block-uagb-container uagb-block-1djqpkhe\">\n<div class=\"wp-block-uagb-info-box uagb-block-fsb64cze uagb-infobox__content-wrap  uagb-infobox-icon-above-title uagb-infobox-image-valign-top\"><div class=\"uagb-ifb-content\"><div class=\"uagb-ifb-image-content\"><img decoding=\"async\" src=\"https:\/\/protemp.de\/wp-content\/uploads\/2025\/04\/protemp-about-us-qualitaet-150x150.jpeg\" alt=\"Zwei H\u00e4nde, die ein Ger\u00e4t halten, mit dem Teile von Temperaturf\u00fchlern vermessen werden; im Hintergrund ein Karton mit weiteren Teilen\" width=\"\" height=\"0\" loading=\"lazy\"\/><\/div><div class=\"uagb-ifb-title-wrap\"><h3 class=\"uagb-ifb-title\">Quality<\/h3><\/div><p class=\"uagb-ifb-desc\">We rely on high-quality materials and handcrafted production. This enables us to supply durable and reliable sensors of above-average market quality.<\/p><\/div><\/div>\n<\/div>\n\n\n\n<div class=\"wp-block-uagb-container uagb-block-v7vgnl6g\">\n<div class=\"wp-block-uagb-info-box uagb-block-fg9inl5h uagb-infobox__content-wrap  uagb-infobox-icon-above-title uagb-infobox-image-valign-top\"><div class=\"uagb-ifb-content\"><div class=\"uagb-ifb-image-content\"><img decoding=\"async\" src=\"https:\/\/protemp.de\/wp-content\/uploads\/2025\/04\/protem-about-us-termintreue-150x150.jpeg\" alt=\"Papierkalender mit Monatsansicht in einer Werkstatt; ein Tag ist rot markiert\" width=\"\" height=\"0\" loading=\"lazy\"\/><\/div><div class=\"uagb-ifb-title-wrap\"><h3 class=\"uagb-ifb-title\">Delivery reliability<\/h3><\/div><p class=\"uagb-ifb-desc\">Reliable processes, efficient production and close coordination ensure that you always receive your measurement technology in time.<\/p><\/div><\/div>\n<\/div>\n\n\n\n<div class=\"wp-block-uagb-container uagb-block-f0cyvi4d\">\n<div class=\"wp-block-uagb-info-box uagb-block-vddkaiv1 uagb-infobox__content-wrap  uagb-infobox-icon-above-title uagb-infobox-image-valign-top\"><div class=\"uagb-ifb-content\"><div class=\"uagb-ifb-image-content\"><img decoding=\"async\" src=\"https:\/\/protemp.de\/wp-content\/uploads\/2025\/04\/protemp-about-us-persoenliche-betreuung-150x150.jpeg\" alt=\"Konstruktionspl\u00e4ne auf einem Tisch, um den drei M\u00e4nner stehen und beraten\" width=\"\" height=\"0\" loading=\"lazy\"\/><\/div><div class=\"uagb-ifb-title-wrap\"><h3 class=\"uagb-ifb-title\">Personal support<\/h3><\/div><p class=\"uagb-ifb-desc\">We take the time to listen to your requirements, provide individual advice and work with you to develop the optimum solution.<\/p><\/div><\/div>\n<\/div>\n<\/div>\n<\/div><\/div>\n\n\n\n<div class=\"wp-block-uagb-container uagb-block-uelg96a1 alignfull uagb-is-root-container\"><div class=\"uagb-container-inner-blocks-wrap\">\n<div class=\"wp-block-uagb-info-box uagb-block-f4crajaw uagb-infobox__content-wrap  uagb-infobox-icon-above-title uagb-infobox-image-valign-top\"><div class=\"uagb-ifb-content\"><div class=\"uagb-ifb-title-wrap\"><h1 class=\"uagb-ifb-title\">Our team - your contacts<\/h1><\/div><p class=\"uagb-ifb-desc\">Our team at Protemp consists of experienced engineers, technicians and experts who will do their best to find the rigth solution for your requirements.<\/p><\/div><\/div>\n<\/div><\/div>\n\n\n\n<div class=\"wp-block-uagb-container uagb-block-2680a5ad alignfull uagb-is-root-container\"><div class=\"uagb-container-inner-blocks-wrap\">\n<div class=\"wp-block-uagb-advanced-heading uagb-block-bc93f32d\"><h3 class=\"uagb-heading-text\"><strong>Our strength is close cooperation<\/strong><\/h3><p class=\"uagb-desc-text\">with our customers. Each of us brings not only technical expertise, also a passion for individual solution finding.<\/p><\/div>\n\n\n\n<div class=\"wp-block-uagb-info-box uagb-block-10c323d0 uagb-infobox__content-wrap  uagb-infobox-icon-above-title uagb-infobox-image-valign-top\"><div class=\"uagb-ifb-content\"><div class=\"uagb-ifb-image-content\"><img decoding=\"async\" src=\"https:\/\/protemp.de\/wp-content\/uploads\/2025\/04\/Protemp_GF_Portrait-150x150.jpg\" alt=\"Protemp Gesch\u00e4ftsf\u00fchrer Matthias L\u00f6llmann\" width=\"60\" height=\"60\" loading=\"lazy\"\/><\/div><div class=\"uagb-ifb-title-wrap\"><p class=\"uagb-ifb-title\"><strong>Matthias L\u00f6llmann<\/strong><\/p><\/div><p class=\"uagb-ifb-desc\">CEO PROTEMP<\/p><\/div><\/div>\n<\/div><\/div>\n\n\n\n<div class=\"wp-block-uagb-container uagb-block-iroijod0 alignfull uagb-is-root-container\"><div class=\"uagb-container-inner-blocks-wrap\">\n<div class=\"wp-block-uagb-info-box uagb-block-9bpwyisa uagb-infobox__content-wrap  uagb-infobox-icon-above-title uagb-infobox-image-valign-top\"><div class=\"uagb-ifb-content\"><div class=\"uagb-ifb-title-wrap\"><h3 class=\"uagb-ifb-title\">Feel free to contact us - our team is ready to tackle your challenges!<\/h3><\/div><\/div><\/div>\n<\/div><\/div>\n\n\n\n<div class=\"wp-block-uagb-container uagb-block-0682ea1d alignfull uagb-is-root-container\"><div class=\"uagb-container-inner-blocks-wrap\">\n<div class=\"wp-block-uagb-container uagb-block-d904cbea\">\n<div class=\"wp-block-uagb-container uagb-block-37158dbe\">\n<div class=\"wp-block-uagb-info-box uagb-block-1d62cba7 uagb-infobox__content-wrap  uagb-infobox-icon-above-title uagb-infobox-image-valign-top\"><div class=\"uagb-ifb-content\"><div class=\"uagb-ifb-title-wrap\"><div class=\"uagb-ifb-separator\"><\/div><h3 class=\"uagb-ifb-title\"><strong>CEO<\/strong><\/h3><\/div><p class=\"uagb-ifb-desc\">Dipl. Ing. Matthias L\u00f6llmann<br>\ud83d\udcde +49 6051 9268-21<br>\ud83d\udce7 <a href=\"mailto:loellmann@protemp.de\">loellmann@protemp.de<\/a><\/p><\/div><\/div>\n<\/div>\n\n\n\n<div class=\"wp-block-uagb-container uagb-block-75bd7c61\">\n<div class=\"wp-block-uagb-info-box uagb-block-4eb4800b uagb-infobox__content-wrap  uagb-infobox-icon-above-title uagb-infobox-image-valign-top\"><div class=\"uagb-ifb-content\"><div class=\"uagb-ifb-title-wrap\"><div class=\"uagb-ifb-separator\"><\/div><h3 class=\"uagb-ifb-title\"><strong>Technology<\/strong><\/h3><\/div><p class=\"uagb-ifb-desc\">M.Sc. Kai L\u00f6llmann<br>\ud83d\udcde +49 6051 9268-23<br>\ud83d\udce7 <a href=\"mailto:k.loellmann@protemp.de\">k.loellmann@protemp.de<\/a><\/p><\/div><\/div>\n<\/div>\n\n\n\n<div class=\"wp-block-uagb-container uagb-block-bb6ae8ac\">\n<div class=\"wp-block-uagb-info-box uagb-block-4f0b567b uagb-infobox__content-wrap  uagb-infobox-icon-above-title uagb-infobox-image-valign-top\"><div class=\"uagb-ifb-content\"><div class=\"uagb-ifb-title-wrap\"><div class=\"uagb-ifb-separator\"><\/div><h3 class=\"uagb-ifb-title\"><strong>Sales<\/strong><\/h3><\/div><p class=\"uagb-ifb-desc\">B.Eng. Torben Wodsack<br>\ud83d\udcde +49 6051 9268-33<br>\ud83d\udce7 <a href=\"mailto:t.wodsack@protemp.de\">t.wodsack@protemp.de<\/a><\/p><\/div><\/div>\n<\/div>\n<\/div>\n<\/div><\/div>","protected":false},"excerpt":{"rendered":"<p>Unsere St\u00e4rke liegt in der engen Zusammenarbeit mit unseren Kunden. Jeder von uns bringt nicht nur technisches Know-how, sondern auch eine echte Leidenschaft f\u00fcr individuelle L\u00f6sungen mit.<\/p>","protected":false},"author":1,"featured_media":0,"parent":0,"menu_order":0,"comment_status":"closed","ping_status":"closed","template":"","meta":{"_uag_custom_page_level_css":"","site-sidebar-layout":"no-sidebar","site-content-layout":"page-builder","ast-site-content-layout":"full-width-container","site-content-style":"unboxed","site-sidebar-style":"unboxed","ast-global-header-display":"","ast-banner-title-visibility":"","ast-main-header-display":"","ast-hfb-above-header-display":"","ast-hfb-below-header-display":"","ast-hfb-mobile-header-display":"","site-post-title":"disabled","ast-breadcrumbs-content":"","ast-featured-img":"disabled","footer-sml-layout":"","ast-disable-related-posts":"","theme-transparent-header-meta":"enabled","adv-header-id-meta":"","stick-header-meta":"","header-above-stick-meta":"","header-main-stick-meta":"","header-below-stick-meta":"","astra-migrate-meta-layouts":"set","ast-page-background-enabled":"default","ast-page-background-meta":{"desktop":{"background-color":"","background-image":"","background-repeat":"repeat","background-position":"center center","background-size":"auto","background-attachment":"scroll","background-type":"","background-media":"","overlay-type":"","overlay-color":"","overlay-opacity":"","overlay-gradient":""},"tablet":{"background-color":"","background-image":"","background-repeat":"repeat","background-position":"center center","background-size":"auto","background-attachment":"scroll","background-type":"","background-media":"","overlay-type":"","overlay-color":"","overlay-opacity":"","overlay-gradient":""},"mobile":{"background-color":"","background-image":"","background-repeat":"repeat","background-position":"center center","background-size":"auto","background-attachment":"scroll","background-type":"","background-media":"","overlay-type":"","overlay-color":"","overlay-opacity":"","overlay-gradient":""}},"ast-content-background-meta":{"desktop":{"background-color":"var(--ast-global-color-5)","background-image":"","background-repeat":"repeat","background-position":"center center","background-size":"auto","background-attachment":"scroll","background-type":"","background-media":"","overlay-type":"","overlay-color":"","overlay-opacity":"","overlay-gradient":""},"tablet":{"background-color":"var(--ast-global-color-5)","background-image":"","background-repeat":"repeat","background-position":"center center","background-size":"auto","background-attachment":"scroll","background-type":"","background-media":"","overlay-type":"","overlay-color":"","overlay-opacity":"","overlay-gradient":""},"mobile":{"background-color":"var(--ast-global-color-5)","background-image":"","background-repeat":"repeat","background-position":"center center","background-size":"auto","background-attachment":"scroll","background-type":"","background-media":"","overlay-type":"","overlay-color":"","overlay-opacity":"","overlay-gradient":""}},"footnotes":""},"class_list":["post-1490","page","type-page","status-publish","hentry"],"yoast_head":"<!-- This site is optimized with the Yoast SEO plugin v27.6 - https:\/\/yoast.com\/product\/yoast-seo-wordpress\/ -->\n<title>About - Protemp<\/title>\n<meta name=\"robots\" content=\"index, follow, max-snippet:-1, max-image-preview:large, max-video-preview:-1\" \/>\n<link rel=\"canonical\" href=\"https:\/\/protemp.de\/en\/about\/\" \/>\n<meta property=\"og:locale\" content=\"en_US\" \/>\n<meta property=\"og:type\" content=\"article\" \/>\n<meta property=\"og:title\" content=\"About - Protemp\" \/>\n<meta property=\"og:description\" content=\"Unsere St\u00e4rke liegt in der engen Zusammenarbeit mit unseren Kunden. Jeder von uns bringt nicht nur technisches Know-how, sondern auch eine echte Leidenschaft f\u00fcr individuelle L\u00f6sungen mit.\" \/>\n<meta property=\"og:url\" content=\"https:\/\/protemp.de\/en\/about\/\" \/>\n<meta property=\"og:site_name\" content=\"Protemp\" \/>\n<meta property=\"article:modified_time\" content=\"2025-04-25T15:10:22+00:00\" \/>\n<meta property=\"og:image\" content=\"https:\/\/protemp.de\/wp-content\/uploads\/2025\/04\/protemp-about-us-unsere-geschichte-1-1024x682.jpeg\" \/>\n<meta name=\"twitter:card\" content=\"summary_large_image\" \/>\n<meta name=\"twitter:label1\" content=\"Est. reading time\" \/>\n\t<meta name=\"twitter:data1\" content=\"4 minutes\" \/>\n<script type=\"application\/ld+json\" class=\"yoast-schema-graph\">{\"@context\":\"https:\\\/\\\/schema.org\",\"@graph\":[{\"@type\":\"WebPage\",\"@id\":\"https:\\\/\\\/protemp.de\\\/about\\\/\",\"url\":\"https:\\\/\\\/protemp.de\\\/about\\\/\",\"name\":\"About - Protemp\",\"isPartOf\":{\"@id\":\"https:\\\/\\\/protemp.de\\\/#website\"},\"primaryImageOfPage\":{\"@id\":\"https:\\\/\\\/protemp.de\\\/about\\\/#primaryimage\"},\"image\":{\"@id\":\"https:\\\/\\\/protemp.de\\\/about\\\/#primaryimage\"},\"thumbnailUrl\":\"https:\\\/\\\/protemp.de\\\/wp-content\\\/uploads\\\/2025\\\/04\\\/protemp-about-us-unsere-geschichte-1-1024x682.jpeg\",\"datePublished\":\"2025-04-06T14:37:09+00:00\",\"dateModified\":\"2025-04-25T15:10:22+00:00\",\"breadcrumb\":{\"@id\":\"https:\\\/\\\/protemp.de\\\/about\\\/#breadcrumb\"},\"inLanguage\":\"en-US\",\"potentialAction\":[{\"@type\":\"ReadAction\",\"target\":[\"https:\\\/\\\/protemp.de\\\/about\\\/\"]}]},{\"@type\":\"ImageObject\",\"inLanguage\":\"en-US\",\"@id\":\"https:\\\/\\\/protemp.de\\\/about\\\/#primaryimage\",\"url\":\"https:\\\/\\\/protemp.de\\\/wp-content\\\/uploads\\\/2025\\\/04\\\/protemp-about-us-unsere-geschichte-1-1024x682.jpeg\",\"contentUrl\":\"https:\\\/\\\/protemp.de\\\/wp-content\\\/uploads\\\/2025\\\/04\\\/protemp-about-us-unsere-geschichte-1-1024x682.jpeg\"},{\"@type\":\"BreadcrumbList\",\"@id\":\"https:\\\/\\\/protemp.de\\\/about\\\/#breadcrumb\",\"itemListElement\":[{\"@type\":\"ListItem\",\"position\":1,\"name\":\"Startseite\",\"item\":\"https:\\\/\\\/protemp.de\\\/\"},{\"@type\":\"ListItem\",\"position\":2,\"name\":\"About\"}]},{\"@type\":\"WebSite\",\"@id\":\"https:\\\/\\\/protemp.de\\\/#website\",\"url\":\"https:\\\/\\\/protemp.de\\\/\",\"name\":\"Protemp\",\"description\":\"Engineered Temperature\",\"publisher\":{\"@id\":\"https:\\\/\\\/protemp.de\\\/#organization\"},\"potentialAction\":[{\"@type\":\"SearchAction\",\"target\":{\"@type\":\"EntryPoint\",\"urlTemplate\":\"https:\\\/\\\/protemp.de\\\/?s={search_term_string}\"},\"query-input\":{\"@type\":\"PropertyValueSpecification\",\"valueRequired\":true,\"valueName\":\"search_term_string\"}}],\"inLanguage\":\"en-US\"},{\"@type\":\"Organization\",\"@id\":\"https:\\\/\\\/protemp.de\\\/#organization\",\"name\":\"Protemp GmbH\",\"url\":\"https:\\\/\\\/protemp.de\\\/\",\"logo\":{\"@type\":\"ImageObject\",\"inLanguage\":\"en-US\",\"@id\":\"https:\\\/\\\/protemp.de\\\/#\\\/schema\\\/logo\\\/image\\\/\",\"url\":\"https:\\\/\\\/protemp.de\\\/wp-content\\\/uploads\\\/2025\\\/04\\\/cropped-Logo_Protemp_Farbe_mit_ET-scaled-1.png\",\"contentUrl\":\"https:\\\/\\\/protemp.de\\\/wp-content\\\/uploads\\\/2025\\\/04\\\/cropped-Logo_Protemp_Farbe_mit_ET-scaled-1.png\",\"width\":2560,\"height\":953,\"caption\":\"Protemp GmbH\"},\"image\":{\"@id\":\"https:\\\/\\\/protemp.de\\\/#\\\/schema\\\/logo\\\/image\\\/\"}}]}<\/script>\n<!-- \/ Yoast SEO plugin. -->","yoast_head_json":{"title":"About - Protemp","robots":{"index":"index","follow":"follow","max-snippet":"max-snippet:-1","max-image-preview":"max-image-preview:large","max-video-preview":"max-video-preview:-1"},"canonical":"https:\/\/protemp.de\/en\/about\/","og_locale":"en_US","og_type":"article","og_title":"About - Protemp","og_description":"Unsere St\u00e4rke liegt in der engen Zusammenarbeit mit unseren Kunden. Jeder von uns bringt nicht nur technisches Know-how, sondern auch eine echte Leidenschaft f\u00fcr individuelle L\u00f6sungen mit.","og_url":"https:\/\/protemp.de\/en\/about\/","og_site_name":"Protemp","article_modified_time":"2025-04-25T15:10:22+00:00","og_image":[{"url":"https:\/\/protemp.de\/wp-content\/uploads\/2025\/04\/protemp-about-us-unsere-geschichte-1-1024x682.jpeg","type":"","width":"","height":""}],"twitter_card":"summary_large_image","twitter_misc":{"Est. reading time":"4 minutes"},"schema":{"@context":"https:\/\/schema.org","@graph":[{"@type":"WebPage","@id":"https:\/\/protemp.de\/about\/","url":"https:\/\/protemp.de\/about\/","name":"About - Protemp","isPartOf":{"@id":"https:\/\/protemp.de\/#website"},"primaryImageOfPage":{"@id":"https:\/\/protemp.de\/about\/#primaryimage"},"image":{"@id":"https:\/\/protemp.de\/about\/#primaryimage"},"thumbnailUrl":"https:\/\/protemp.de\/wp-content\/uploads\/2025\/04\/protemp-about-us-unsere-geschichte-1-1024x682.jpeg","datePublished":"2025-04-06T14:37:09+00:00","dateModified":"2025-04-25T15:10:22+00:00","breadcrumb":{"@id":"https:\/\/protemp.de\/about\/#breadcrumb"},"inLanguage":"en-US","potentialAction":[{"@type":"ReadAction","target":["https:\/\/protemp.de\/about\/"]}]},{"@type":"ImageObject","inLanguage":"en-US","@id":"https:\/\/protemp.de\/about\/#primaryimage","url":"https:\/\/protemp.de\/wp-content\/uploads\/2025\/04\/protemp-about-us-unsere-geschichte-1-1024x682.jpeg","contentUrl":"https:\/\/protemp.de\/wp-content\/uploads\/2025\/04\/protemp-about-us-unsere-geschichte-1-1024x682.jpeg"},{"@type":"BreadcrumbList","@id":"https:\/\/protemp.de\/about\/#breadcrumb","itemListElement":[{"@type":"ListItem","position":1,"name":"Startseite","item":"https:\/\/protemp.de\/"},{"@type":"ListItem","position":2,"name":"About"}]},{"@type":"WebSite","@id":"https:\/\/protemp.de\/#website","url":"https:\/\/protemp.de\/","name":"Protemp","description":"Engineered Temperature","publisher":{"@id":"https:\/\/protemp.de\/#organization"},"potentialAction":[{"@type":"SearchAction","target":{"@type":"EntryPoint","urlTemplate":"https:\/\/protemp.de\/?s={search_term_string}"},"query-input":{"@type":"PropertyValueSpecification","valueRequired":true,"valueName":"search_term_string"}}],"inLanguage":"en-US"},{"@type":"Organization","@id":"https:\/\/protemp.de\/#organization","name":"Protemp GmbH","url":"https:\/\/protemp.de\/","logo":{"@type":"ImageObject","inLanguage":"en-US","@id":"https:\/\/protemp.de\/#\/schema\/logo\/image\/","url":"https:\/\/protemp.de\/wp-content\/uploads\/2025\/04\/cropped-Logo_Protemp_Farbe_mit_ET-scaled-1.png","contentUrl":"https:\/\/protemp.de\/wp-content\/uploads\/2025\/04\/cropped-Logo_Protemp_Farbe_mit_ET-scaled-1.png","width":2560,"height":953,"caption":"Protemp GmbH"},"image":{"@id":"https:\/\/protemp.de\/#\/schema\/logo\/image\/"}}]}},"uagb_featured_image_src":{"full":false,"thumbnail":false,"medium":false,"medium_large":false,"large":false,"1536x1536":false,"2048x2048":false,"trp-custom-language-flag":false},"uagb_author_info":{"display_name":"admin","author_link":"https:\/\/protemp.de\/en\/author\/admin\/"},"uagb_comment_info":0,"uagb_excerpt":"Unsere St\u00e4rke liegt in der engen Zusammenarbeit mit unseren Kunden. Jeder von uns bringt nicht nur technisches Know-how, sondern auch eine echte Leidenschaft f\u00fcr individuelle L\u00f6sungen mit.","jetpack_sharing_enabled":true,"_links":{"self":[{"href":"https:\/\/protemp.de\/en\/wp-json\/wp\/v2\/pages\/1490","targetHints":{"allow":["GET"]}}],"collection":[{"href":"https:\/\/protemp.de\/en\/wp-json\/wp\/v2\/pages"}],"about":[{"href":"https:\/\/protemp.de\/en\/wp-json\/wp\/v2\/types\/page"}],"author":[{"embeddable":true,"href":"https:\/\/protemp.de\/en\/wp-json\/wp\/v2\/users\/1"}],"replies":[{"embeddable":true,"href":"https:\/\/protemp.de\/en\/wp-json\/wp\/v2\/comments?post=1490"}],"version-history":[{"count":22,"href":"https:\/\/protemp.de\/en\/wp-json\/wp\/v2\/pages\/1490\/revisions"}],"predecessor-version":[{"id":3425,"href":"https:\/\/protemp.de\/en\/wp-json\/wp\/v2\/pages\/1490\/revisions\/3425"}],"wp:attachment":[{"href":"https:\/\/protemp.de\/en\/wp-json\/wp\/v2\/media?parent=1490"}],"curies":[{"name":"wp","href":"https:\/\/api.w.org\/{rel}","templated":true}]}}