{"id":704,"date":"2024-08-26T10:22:42","date_gmt":"2024-08-26T10:22:42","guid":{"rendered":"https:\/\/protemp.de\/?page_id=704"},"modified":"2025-04-25T15:35:25","modified_gmt":"2025-04-25T15:35:25","slug":"impressum","status":"publish","type":"page","link":"https:\/\/protemp.de\/en\/impressum\/","title":{"rendered":"Imprint"},"content":{"rendered":"<div class=\"wp-block-uagb-container uagb-block-vykthyex alignfull uagb-is-root-container\"><div class=\"uagb-container-inner-blocks-wrap\">\n<div class=\"wp-block-uagb-info-box uagb-block-7zfmcakw uagb-infobox__content-wrap  uagb-infobox-icon-above-title uagb-infobox-image-valign-top\"><div class=\"uagb-ifb-content\"><div class=\"uagb-ifb-title-wrap\"><h1 class=\"uagb-ifb-title\">Imprint<\/h1><\/div><\/div><\/div>\n<\/div><\/div>\n\n\n\n<div class=\"wp-block-uagb-container uagb-block-mlv1exs0 alignfull uagb-is-root-container\"><div class=\"uagb-container-inner-blocks-wrap\">\n<div class=\"wp-block-uagb-info-box uagb-block-ot1shspl uagb-infobox__content-wrap  uagb-infobox-icon-above-title uagb-infobox-image-valign-top wp-block-uagb-info-box--has-margin\"><div class=\"uagb-infobox-margin-wrapper\"><div class=\"uagb-ifb-content\"><div class=\"uagb-ifb-title-wrap\"><\/div><p class=\"uagb-ifb-desc\"><strong>Protemp Gesellschaft f\u00fcr industrielle Temperaturmesstechnik mbH<br>Westenbergerstra\u00dfe 30<br>D 65931 Frankfurt<\/strong><br><br><strong>Registergericht:<\/strong> Amtsgericht Frankfurt\/Main<br><strong>Registernummer: <\/strong>HRB 42219<br><br><strong>Vertretungsberechtigte Gesch\u00e4ftsf\u00fchrer: <\/strong>Matthias L\u00f6llmann<br><br><strong>Kontakt:<\/strong><br>Protemp GmbH<br>Niederlassung Gr\u00fcndau<br>Industriestra\u00dfe 10<br>D 63584 Gr\u00fcndau<br><br><strong>Telefon: <\/strong>+49 (0)6051 9268 0<br><strong>Telefax<\/strong>: +49 (0)6051 9268 10<br><strong>E-Mail:<\/strong> <a href=\"mailto:info@protemp.de\">info@protemp.de<\/a> <br><br><strong>Internet:<\/strong> www.protemp.de <br><br><strong>Umsatzsteuer-Identifikationsnummer gem\u00e4\u00df \u00a7 27 a Umsatzsteuergesetz:<\/strong> DE 184342403<br><br><strong>Haftungshinweis: <\/strong>Die Inhalte dieser Internetseite dienen nur zu Informationszwecken. Wir \u00fcbernehmen keine Gew\u00e4hr f\u00fcr die Richtigkeit oder Vollst\u00e4ndigkeit der Informationen. Die Nutzung der Inhalte erfolgt auf eigenes Risiko. Jegliche Haftung f\u00fcr Sch\u00e4den wird ausgeschlossen. Externe Links werden sorgf\u00e4ltig gepr\u00fcft, wir \u00fcbernehmen jedoch keine Verantwortung f\u00fcr den Inhalt verlinkter Seiten. Die Sicherheit der Daten\u00fcbertragung im Internet kann nicht garantiert werden. Bei konkreten rechtlichen Fragen sollte ein Fachexperte konsultiert werden. Die Nutzung dieser Internetseite bedeutet die Zustimmung zu diesen Bedingungen.<\/p><\/div><\/div><\/div>\n<\/div><\/div>","protected":false},"excerpt":{"rendered":"","protected":false},"author":1,"featured_media":0,"parent":0,"menu_order":0,"comment_status":"closed","ping_status":"closed","template":"","meta":{"_uag_custom_page_level_css":"","site-sidebar-layout":"default","site-content-layout":"","ast-site-content-layout":"default","site-content-style":"default","site-sidebar-style":"default","ast-global-header-display":"","ast-banner-title-visibility":"","ast-main-header-display":"","ast-hfb-above-header-display":"","ast-hfb-below-header-display":"","ast-hfb-mobile-header-display":"","site-post-title":"disabled","ast-breadcrumbs-content":"","ast-featured-img":"","footer-sml-layout":"","ast-disable-related-posts":"","theme-transparent-header-meta":"","adv-header-id-meta":"","stick-header-meta":"","header-above-stick-meta":"","header-main-stick-meta":"","header-below-stick-meta":"","astra-migrate-meta-layouts":"set","ast-page-background-enabled":"default","ast-page-background-meta":{"desktop":{"background-color":"","background-image":"","background-repeat":"repeat","background-position":"center center","background-size":"auto","background-attachment":"scroll","background-type":"","background-media":"","overlay-type":"","overlay-color":"","overlay-opacity":"","overlay-gradient":""},"tablet":{"background-color":"","background-image":"","background-repeat":"repeat","background-position":"center center","background-size":"auto","background-attachment":"scroll","background-type":"","background-media":"","overlay-type":"","overlay-color":"","overlay-opacity":"","overlay-gradient":""},"mobile":{"background-color":"","background-image":"","background-repeat":"repeat","background-position":"center center","background-size":"auto","background-attachment":"scroll","background-type":"","background-media":"","overlay-type":"","overlay-color":"","overlay-opacity":"","overlay-gradient":""}},"ast-content-background-meta":{"desktop":{"background-color":"var(--ast-global-color-5)","background-image":"","background-repeat":"repeat","background-position":"center center","background-size":"auto","background-attachment":"scroll","background-type":"","background-media":"","overlay-type":"","overlay-color":"","overlay-opacity":"","overlay-gradient":""},"tablet":{"background-color":"var(--ast-global-color-5)","background-image":"","background-repeat":"repeat","background-position":"center center","background-size":"auto","background-attachment":"scroll","background-type":"","background-media":"","overlay-type":"","overlay-color":"","overlay-opacity":"","overlay-gradient":""},"mobile":{"background-color":"var(--ast-global-color-5)","background-image":"","background-repeat":"repeat","background-position":"center center","background-size":"auto","background-attachment":"scroll","background-type":"","background-media":"","overlay-type":"","overlay-color":"","overlay-opacity":"","overlay-gradient":""}},"footnotes":""},"class_list":["post-704","page","type-page","status-publish","hentry"],"yoast_head":"<!-- This site is optimized with the Yoast SEO plugin v27.6 - https:\/\/yoast.com\/product\/yoast-seo-wordpress\/ -->\n<title>Impressum - Protemp<\/title>\n<meta name=\"robots\" content=\"index, follow, max-snippet:-1, max-image-preview:large, max-video-preview:-1\" \/>\n<link rel=\"canonical\" href=\"https:\/\/protemp.de\/en\/impressum\/\" \/>\n<meta property=\"og:locale\" content=\"en_US\" \/>\n<meta property=\"og:type\" content=\"article\" \/>\n<meta property=\"og:title\" content=\"Impressum - Protemp\" \/>\n<meta property=\"og:url\" content=\"https:\/\/protemp.de\/en\/impressum\/\" \/>\n<meta property=\"og:site_name\" content=\"Protemp\" \/>\n<meta property=\"article:modified_time\" content=\"2025-04-25T15:35:25+00:00\" \/>\n<meta name=\"twitter:card\" content=\"summary_large_image\" \/>\n<meta name=\"twitter:label1\" content=\"Est. reading time\" \/>\n\t<meta name=\"twitter:data1\" content=\"1 minute\" \/>\n<script type=\"application\/ld+json\" class=\"yoast-schema-graph\">{\"@context\":\"https:\\\/\\\/schema.org\",\"@graph\":[{\"@type\":\"WebPage\",\"@id\":\"https:\\\/\\\/protemp.de\\\/impressum\\\/\",\"url\":\"https:\\\/\\\/protemp.de\\\/impressum\\\/\",\"name\":\"Impressum - Protemp\",\"isPartOf\":{\"@id\":\"https:\\\/\\\/protemp.de\\\/#website\"},\"datePublished\":\"2024-08-26T10:22:42+00:00\",\"dateModified\":\"2025-04-25T15:35:25+00:00\",\"breadcrumb\":{\"@id\":\"https:\\\/\\\/protemp.de\\\/impressum\\\/#breadcrumb\"},\"inLanguage\":\"en-US\",\"potentialAction\":[{\"@type\":\"ReadAction\",\"target\":[\"https:\\\/\\\/protemp.de\\\/impressum\\\/\"]}]},{\"@type\":\"BreadcrumbList\",\"@id\":\"https:\\\/\\\/protemp.de\\\/impressum\\\/#breadcrumb\",\"itemListElement\":[{\"@type\":\"ListItem\",\"position\":1,\"name\":\"Startseite\",\"item\":\"https:\\\/\\\/protemp.de\\\/\"},{\"@type\":\"ListItem\",\"position\":2,\"name\":\"Impressum\"}]},{\"@type\":\"WebSite\",\"@id\":\"https:\\\/\\\/protemp.de\\\/#website\",\"url\":\"https:\\\/\\\/protemp.de\\\/\",\"name\":\"Protemp\",\"description\":\"Engineered Temperature\",\"publisher\":{\"@id\":\"https:\\\/\\\/protemp.de\\\/#organization\"},\"potentialAction\":[{\"@type\":\"SearchAction\",\"target\":{\"@type\":\"EntryPoint\",\"urlTemplate\":\"https:\\\/\\\/protemp.de\\\/?s={search_term_string}\"},\"query-input\":{\"@type\":\"PropertyValueSpecification\",\"valueRequired\":true,\"valueName\":\"search_term_string\"}}],\"inLanguage\":\"en-US\"},{\"@type\":\"Organization\",\"@id\":\"https:\\\/\\\/protemp.de\\\/#organization\",\"name\":\"Protemp GmbH\",\"url\":\"https:\\\/\\\/protemp.de\\\/\",\"logo\":{\"@type\":\"ImageObject\",\"inLanguage\":\"en-US\",\"@id\":\"https:\\\/\\\/protemp.de\\\/#\\\/schema\\\/logo\\\/image\\\/\",\"url\":\"https:\\\/\\\/protemp.de\\\/wp-content\\\/uploads\\\/2025\\\/04\\\/cropped-Logo_Protemp_Farbe_mit_ET-scaled-1.png\",\"contentUrl\":\"https:\\\/\\\/protemp.de\\\/wp-content\\\/uploads\\\/2025\\\/04\\\/cropped-Logo_Protemp_Farbe_mit_ET-scaled-1.png\",\"width\":2560,\"height\":953,\"caption\":\"Protemp GmbH\"},\"image\":{\"@id\":\"https:\\\/\\\/protemp.de\\\/#\\\/schema\\\/logo\\\/image\\\/\"}}]}<\/script>\n<!-- \/ Yoast SEO plugin. -->","yoast_head_json":{"title":"Impressum - Protemp","robots":{"index":"index","follow":"follow","max-snippet":"max-snippet:-1","max-image-preview":"max-image-preview:large","max-video-preview":"max-video-preview:-1"},"canonical":"https:\/\/protemp.de\/en\/impressum\/","og_locale":"en_US","og_type":"article","og_title":"Impressum - Protemp","og_url":"https:\/\/protemp.de\/en\/impressum\/","og_site_name":"Protemp","article_modified_time":"2025-04-25T15:35:25+00:00","twitter_card":"summary_large_image","twitter_misc":{"Est. reading time":"1 minute"},"schema":{"@context":"https:\/\/schema.org","@graph":[{"@type":"WebPage","@id":"https:\/\/protemp.de\/impressum\/","url":"https:\/\/protemp.de\/impressum\/","name":"Impressum - Protemp","isPartOf":{"@id":"https:\/\/protemp.de\/#website"},"datePublished":"2024-08-26T10:22:42+00:00","dateModified":"2025-04-25T15:35:25+00:00","breadcrumb":{"@id":"https:\/\/protemp.de\/impressum\/#breadcrumb"},"inLanguage":"en-US","potentialAction":[{"@type":"ReadAction","target":["https:\/\/protemp.de\/impressum\/"]}]},{"@type":"BreadcrumbList","@id":"https:\/\/protemp.de\/impressum\/#breadcrumb","itemListElement":[{"@type":"ListItem","position":1,"name":"Startseite","item":"https:\/\/protemp.de\/"},{"@type":"ListItem","position":2,"name":"Impressum"}]},{"@type":"WebSite","@id":"https:\/\/protemp.de\/#website","url":"https:\/\/protemp.de\/","name":"Protemp","description":"Engineered Temperature","publisher":{"@id":"https:\/\/protemp.de\/#organization"},"potentialAction":[{"@type":"SearchAction","target":{"@type":"EntryPoint","urlTemplate":"https:\/\/protemp.de\/?s={search_term_string}"},"query-input":{"@type":"PropertyValueSpecification","valueRequired":true,"valueName":"search_term_string"}}],"inLanguage":"en-US"},{"@type":"Organization","@id":"https:\/\/protemp.de\/#organization","name":"Protemp GmbH","url":"https:\/\/protemp.de\/","logo":{"@type":"ImageObject","inLanguage":"en-US","@id":"https:\/\/protemp.de\/#\/schema\/logo\/image\/","url":"https:\/\/protemp.de\/wp-content\/uploads\/2025\/04\/cropped-Logo_Protemp_Farbe_mit_ET-scaled-1.png","contentUrl":"https:\/\/protemp.de\/wp-content\/uploads\/2025\/04\/cropped-Logo_Protemp_Farbe_mit_ET-scaled-1.png","width":2560,"height":953,"caption":"Protemp GmbH"},"image":{"@id":"https:\/\/protemp.de\/#\/schema\/logo\/image\/"}}]}},"uagb_featured_image_src":{"full":false,"thumbnail":false,"medium":false,"medium_large":false,"large":false,"1536x1536":false,"2048x2048":false,"trp-custom-language-flag":false},"uagb_author_info":{"display_name":"admin","author_link":"https:\/\/protemp.de\/en\/author\/admin\/"},"uagb_comment_info":0,"uagb_excerpt":null,"jetpack_sharing_enabled":true,"_links":{"self":[{"href":"https:\/\/protemp.de\/en\/wp-json\/wp\/v2\/pages\/704","targetHints":{"allow":["GET"]}}],"collection":[{"href":"https:\/\/protemp.de\/en\/wp-json\/wp\/v2\/pages"}],"about":[{"href":"https:\/\/protemp.de\/en\/wp-json\/wp\/v2\/types\/page"}],"author":[{"embeddable":true,"href":"https:\/\/protemp.de\/en\/wp-json\/wp\/v2\/users\/1"}],"replies":[{"embeddable":true,"href":"https:\/\/protemp.de\/en\/wp-json\/wp\/v2\/comments?post=704"}],"version-history":[{"count":17,"href":"https:\/\/protemp.de\/en\/wp-json\/wp\/v2\/pages\/704\/revisions"}],"predecessor-version":[{"id":3437,"href":"https:\/\/protemp.de\/en\/wp-json\/wp\/v2\/pages\/704\/revisions\/3437"}],"wp:attachment":[{"href":"https:\/\/protemp.de\/en\/wp-json\/wp\/v2\/media?parent=704"}],"curies":[{"name":"wp","href":"https:\/\/api.w.org\/{rel}","templated":true}]}}